{"id":970,"date":"2026-01-22T14:56:03","date_gmt":"2026-01-22T17:56:03","guid":{"rendered":"https:\/\/juanromano.com.ar\/?page_id=970"},"modified":"2026-01-22T15:37:05","modified_gmt":"2026-01-22T18:37:05","slug":"past-performances","status":"publish","type":"page","link":"https:\/\/juanromano.com.ar\/?page_id=970","title":{"rendered":"Past performances"},"content":{"rendered":"\n<p><\/p>\n\n\n<!=========Events list Template 2.5.2=========><div id=\"ect-events-list-content\"><div id=\"list-wrp\" class=\"ect-list-wrapper all\"><div id=\"event-977\" class=\"ect-list-post style-1 ect-simple-event past\"><div class=\"ect-list-post-left \">\n\t\t\t\t<div class=\"ect-list-img\" style=\"background-image:url(&#039;https:\/\/juanromano.com.ar\/wp-content\/uploads\/2026\/01\/IMG_7718-1024x683.jpg&#039;);background-size:cover;\"><a href=\"https:\/\/juanromano.com.ar\/?tribe_events=sonder-tango-orchestra\" alt=\"Sonder Tango Orchestra\" rel=\"bookmark\"><div class=\"ect-list-date\"><div class=\"ect-date-area default-schedule\"><span class=\"ev-day\">07<\/span>\n\t\t\t\t\t<span class=\"ev-mo\">febrero<\/span>\n\t\t\t\t\t<span class=\"ev-yr\">2026<\/span><\/div><\/div><\/a><\/div><\/div><!-- left-post close --><div class=\"ect-list-post-right\">\n\t\t\t\t<div class=\"ect-list-post-right-table\"><div class=\"ect-list-description\"><h2 class=\"ect-list-title\"><a class=\"ect-event-url\" href=\"https:\/\/juanromano.com.ar\/?tribe_events=sonder-tango-orchestra\" rel=\"bookmark\">Sonder Tango Orchestra<\/a><\/h2><!-- Event Content --><div class=\"ect-event-content\"><p>Tango concert with Sonder Tango Orchestra &nbsp;<\/p>\n<\/div><a href=\"https:\/\/juanromano.com.ar\/?tribe_events=sonder-tango-orchestra\" class=\"ect-events-read-more\" rel=\"bookmark\">Find out more<\/a><\/div><div class=\"ect-list-venue default-venue\"><span class=\"ect-icon\"><i class=\"ect-icon-location\"><\/i><\/span><!-- Event Venue Info -->\n\t\t\t\t\t\t\t<span class=\"ect-venue-details ect-address\">\n\t\t\t\t\t\t\t<div>Bologna,<span class=\"tribe-address\">\n\n\n\n\n\n\n<\/span>\n<\/div><\/span><\/div><\/div><\/div><!-- right-wrapper close --><\/div><!-- event-loop-end --><div id=\"event-870\" class=\"ect-list-post style-1 ect-simple-event past\"><div class=\"ect-list-post-left \">\n\t\t\t\t<div class=\"ect-list-img\" style=\"background-image:url(&#039;https:\/\/juanromano.com.ar\/wp-content\/uploads\/2025\/03\/DSCF6448-1024x683.jpg&#039;);background-size:cover;\"><a href=\"https:\/\/juanromano.com.ar\/?tribe_events=kooruitvoering-rudolf-steiner-college-rotterdam-nl\" alt=\"Kooruitvoering Rudolf Steiner College (Rotterdam, NL)\" rel=\"bookmark\"><div class=\"ect-list-date\"><div class=\"ect-date-area default-schedule\"><span class=\"ev-day\">01<\/span>\n\t\t\t\t\t<span class=\"ev-mo\">abril<\/span>\n\t\t\t\t\t<span class=\"ev-yr\">2025<\/span><\/div><\/div><\/a><\/div><\/div><!-- left-post close --><div class=\"ect-list-post-right\">\n\t\t\t\t<div class=\"ect-list-post-right-table\"><div class=\"ect-list-description\"><h2 class=\"ect-list-title\"><a class=\"ect-event-url\" href=\"https:\/\/juanromano.com.ar\/?tribe_events=kooruitvoering-rudolf-steiner-college-rotterdam-nl\" rel=\"bookmark\">Kooruitvoering Rudolf Steiner College (Rotterdam, NL)<\/a><\/h2><!-- Event Content --><div class=\"ect-event-content\"><p>Choral concert at the Doelen Theatre Het Rudolf Steiner College presenteert trots de leerlingen van de koorklas van de bovenbouw. Geniet van een avond vol muzikale expressie, waarin de leerlingen [&hellip;]<\/p>\n<\/div><!-- Event Ticket Price Info -->\n                 <div class=\"ect-rate-area\">\n                 <span class=\"ect-icon\"><i class=\"ect-icon-ticket\"><\/i><\/span>\n                 <span class=\"ect-rate\">\u20ac12,50<\/span>\n                 <\/div><a href=\"https:\/\/juanromano.com.ar\/?tribe_events=kooruitvoering-rudolf-steiner-college-rotterdam-nl\" class=\"ect-events-read-more\" rel=\"bookmark\">Find out more<\/a><\/div><div class=\"ect-list-venue default-venue\"><span class=\"ect-icon\"><i class=\"ect-icon-location\"><\/i><\/span><!-- Event Venue Info -->\n\t\t\t\t\t\t\t<span class=\"ect-venue-details ect-address\">\n\t\t\t\t\t\t\t<div>De Doelen Theatre,<span class=\"tribe-address\">\n\n<span class=\"tribe-street-address\">Schouwburgplein 50<\/span>\n\t\n\t\t<br>\n\t\t<span class=\"tribe-locality\">Rotterdam<\/span><span class=\"tribe-delimiter\">,<\/span>\n\n\n\t<span class=\"tribe-postal-code\">3012CL<\/span>\n\n\t<span class=\"tribe-country-name\">Netherlands<\/span>\n\n<\/span>\n<\/div><span class=\"ect-google\"><a class=\"tribe-events-gmap\" href=\"https:\/\/maps.google.com\/maps?f=q&#038;source=s_q&#038;hl=en&#038;geocode=&#038;q=Schouwburgplein+50+Rotterdam+3012CL+Netherlands\" title=\"Haga clic para ver un Mapa de Google\" target=\"_blank\" rel=\"noreferrer noopener\">+ Google Map<\/a><\/span><\/span><\/div><\/div><\/div><!-- right-wrapper close --><\/div><!-- event-loop-end --><div id=\"event-875\" class=\"ect-list-post style-1 ect-simple-event past\"><div class=\"ect-list-post-left \">\n\t\t\t\t<div class=\"ect-list-img\" style=\"background-image:url(&#039;https:\/\/juanromano.com.ar\/wp-content\/uploads\/2025\/03\/DSCF5944-1024x576.jpg&#039;);background-size:cover;\"><a href=\"https:\/\/juanromano.com.ar\/?tribe_events=kooruitvoering-rudolf-steiner-college-rotterdam-nl-2\" alt=\"Kooruitvoering Rudolf Steiner College (Rotterdam, NL)\" rel=\"bookmark\"><div class=\"ect-list-date\"><div class=\"ect-date-area default-schedule\"><span class=\"ev-day\">01<\/span>\n\t\t\t\t\t<span class=\"ev-mo\">abril<\/span>\n\t\t\t\t\t<span class=\"ev-yr\">2025<\/span><\/div><\/div><\/a><\/div><\/div><!-- left-post close --><div class=\"ect-list-post-right\">\n\t\t\t\t<div class=\"ect-list-post-right-table\"><div class=\"ect-list-description\"><h2 class=\"ect-list-title\"><a class=\"ect-event-url\" href=\"https:\/\/juanromano.com.ar\/?tribe_events=kooruitvoering-rudolf-steiner-college-rotterdam-nl-2\" rel=\"bookmark\">Kooruitvoering Rudolf Steiner College (Rotterdam, NL)<\/a><\/h2><!-- Event Content --><div class=\"ect-event-content\"><p>Choral concert at the Doelen Theatre Het Rudolf Steiner College presenteert trots de leerlingen van de koorklas van de bovenbouw. Geniet van een avond vol muzikale expressie, waarin de leerlingen [&hellip;]<\/p>\n<\/div><!-- Event Ticket Price Info -->\n                 <div class=\"ect-rate-area\">\n                 <span class=\"ect-icon\"><i class=\"ect-icon-ticket\"><\/i><\/span>\n                 <span class=\"ect-rate\">\u20ac12,50<\/span>\n                 <\/div><a href=\"https:\/\/juanromano.com.ar\/?tribe_events=kooruitvoering-rudolf-steiner-college-rotterdam-nl-2\" class=\"ect-events-read-more\" rel=\"bookmark\">Find out more<\/a><\/div><div class=\"ect-list-venue default-venue\"><span class=\"ect-icon\"><i class=\"ect-icon-location\"><\/i><\/span><!-- Event Venue Info -->\n\t\t\t\t\t\t\t<span class=\"ect-venue-details ect-address\">\n\t\t\t\t\t\t\t<div>De Doelen Theatre,<span class=\"tribe-address\">\n\n<span class=\"tribe-street-address\">Schouwburgplein 50<\/span>\n\t\n\t\t<br>\n\t\t<span class=\"tribe-locality\">Rotterdam<\/span><span class=\"tribe-delimiter\">,<\/span>\n\n\n\t<span class=\"tribe-postal-code\">3012CL<\/span>\n\n\t<span class=\"tribe-country-name\">Netherlands<\/span>\n\n<\/span>\n<\/div><span class=\"ect-google\"><a class=\"tribe-events-gmap\" href=\"https:\/\/maps.google.com\/maps?f=q&#038;source=s_q&#038;hl=en&#038;geocode=&#038;q=Schouwburgplein+50+Rotterdam+3012CL+Netherlands\" title=\"Haga clic para ver un Mapa de Google\" target=\"_blank\" rel=\"noreferrer noopener\">+ Google Map<\/a><\/span><\/span><\/div><\/div><\/div><!-- right-wrapper close --><\/div><!-- event-loop-end --><div id=\"event-855\" class=\"ect-list-post style-1 ect-simple-event past\"><div class=\"ect-list-post-left \">\n\t\t\t\t<div class=\"ect-list-img\" style=\"background-image:url(&#039;https:\/\/juanromano.com.ar\/wp-content\/uploads\/2024\/12\/kotryna_2.jpg&#039;);background-size:cover;\"><a href=\"https:\/\/juanromano.com.ar\/?tribe_events=tango-concert-in-lithuania\" alt=\"Argentinian Tango Concert\" rel=\"bookmark\"><div class=\"ect-list-date\"><div class=\"ect-date-area default-schedule\"><span class=\"ev-day\">03<\/span>\n\t\t\t\t\t<span class=\"ev-mo\">diciembre<\/span>\n\t\t\t\t\t<span class=\"ev-yr\">2024<\/span><\/div><\/div><\/a><\/div><\/div><!-- left-post close --><div class=\"ect-list-post-right\">\n\t\t\t\t<div class=\"ect-list-post-right-table\"><div class=\"ect-list-description\"><h2 class=\"ect-list-title\"><a class=\"ect-event-url\" href=\"https:\/\/juanromano.com.ar\/?tribe_events=tango-concert-in-lithuania\" rel=\"bookmark\">Argentinian Tango Concert<\/a><\/h2><!-- Event Content --><div class=\"ect-event-content\"><p>Argentinian Tango Concert in Kotrynos ba\u017eny\u010dia Musicians: Juan Gabriel Romano (piano), Ariel Ramirez (bandoneon), Facundo Di Pietro (contrabass), Carlos Valverde (violin), Maciej Posluszny (electric guitar). Pieces by Astor Piazzolla and [&hellip;]<\/p>\n<\/div><a href=\"https:\/\/juanromano.com.ar\/?tribe_events=tango-concert-in-lithuania\" class=\"ect-events-read-more\" rel=\"bookmark\">Find out more<\/a><\/div><div class=\"ect-list-venue default-venue\"><span class=\"ect-icon\"><i class=\"ect-icon-location\"><\/i><\/span><!-- Event Venue Info -->\n\t\t\t\t\t\t\t<span class=\"ect-venue-details ect-address\">\n\t\t\t\t\t\t\t<div>\u0160v. Kotrynos ba\u017eny\u010dia. Paslaugos,<span class=\"tribe-address\">\n\n<span class=\"tribe-street-address\">Vilniaus g. 39, Vilnius LT-01119<\/span>\n\t\n\t\t<br>\n\t\t<span class=\"tribe-locality\">Vilniaus<\/span><span class=\"tribe-delimiter\">,<\/span>\n\n\t<abbr class=\"tribe-region tribe-events-abbr\" title=\"Vilniaus\">Vilniaus<\/abbr>\n\n\t<span class=\"tribe-postal-code\">01402<\/span>\n\n\t<span class=\"tribe-country-name\">Lithuania<\/span>\n\n<\/span>\n<\/div><span class=\"ect-google\"><a class=\"tribe-events-gmap\" href=\"https:\/\/maps.google.com\/maps?f=q&#038;source=s_q&#038;hl=en&#038;geocode=&#038;q=Vilniaus+g.+39%2C+Vilnius+LT-01119+Vilniaus+Vilniaus+01402+Lithuania\" title=\"Haga clic para ver un Mapa de Google\" target=\"_blank\" rel=\"noreferrer noopener\">+ Google Map<\/a><\/span><\/span><\/div><\/div><\/div><!-- right-wrapper close --><\/div><!-- event-loop-end --><\/div><\/div>\n\n\n<p><\/p>\n","protected":false},"excerpt":{"rendered":"","protected":false},"author":1,"featured_media":0,"parent":127,"menu_order":2,"comment_status":"closed","ping_status":"closed","template":"","meta":{"footnotes":""},"class_list":["post-970","page","type-page","status-publish","hentry","cat_concerts"],"blocksy_meta":[],"_links":{"self":[{"href":"https:\/\/juanromano.com.ar\/index.php?rest_route=\/wp\/v2\/pages\/970","targetHints":{"allow":["GET"]}}],"collection":[{"href":"https:\/\/juanromano.com.ar\/index.php?rest_route=\/wp\/v2\/pages"}],"about":[{"href":"https:\/\/juanromano.com.ar\/index.php?rest_route=\/wp\/v2\/types\/page"}],"author":[{"embeddable":true,"href":"https:\/\/juanromano.com.ar\/index.php?rest_route=\/wp\/v2\/users\/1"}],"replies":[{"embeddable":true,"href":"https:\/\/juanromano.com.ar\/index.php?rest_route=%2Fwp%2Fv2%2Fcomments&post=970"}],"version-history":[{"count":7,"href":"https:\/\/juanromano.com.ar\/index.php?rest_route=\/wp\/v2\/pages\/970\/revisions"}],"predecessor-version":[{"id":991,"href":"https:\/\/juanromano.com.ar\/index.php?rest_route=\/wp\/v2\/pages\/970\/revisions\/991"}],"up":[{"embeddable":true,"href":"https:\/\/juanromano.com.ar\/index.php?rest_route=\/wp\/v2\/pages\/127"}],"wp:attachment":[{"href":"https:\/\/juanromano.com.ar\/index.php?rest_route=%2Fwp%2Fv2%2Fmedia&parent=970"}],"curies":[{"name":"wp","href":"https:\/\/api.w.org\/{rel}","templated":true}]}}