{"id":63,"date":"2018-03-12T15:59:47","date_gmt":"2018-03-12T18:59:47","guid":{"rendered":"http:\/\/juanromano.com.ar\/?page_id=63"},"modified":"2022-06-27T14:23:50","modified_gmt":"2022-06-27T17:23:50","slug":"opustango-quinteto","status":"publish","type":"page","link":"https:\/\/juanromano.com.ar\/?page_id=63","title":{"rendered":"Opustango Quinteto"},"content":{"rendered":"<p><strong>Opustango Quinteto<\/strong>&nbsp;es una agrupaci\u00f3n musical de tango con sede en la ciudad de Buenos Aires.<\/p>\n<p>Posee un color sonoro muy especial debido al papel solista y virtuoso de cada uno de sus integrantes, sin perder la noci\u00f3n de conjunto, y a la incorporaci\u00f3n del clarinete (poco usual en el g\u00e9nero).<\/p>\n<p>La versatilidad del Quinteto permite realizar conciertos en vivo con una alta calidad instrumental, acompa\u00f1ar cantantes, tocar repertorio bailable en milongas e integrar un show integral de tango. En consecuencia, su repertorio es amplio y variado, incluyendo gran cantidad de arreglos musicales propios.<\/p>\n<p>Su reciente producci\u00f3n discogr\u00e1fica se titula \u201cQUE LO PAREN\u201d, en alusi\u00f3n al tango de Eduardo Rovira. Grabado en los Estudios ION de Buenos Aires, se trata de un repertorio ambicioso con marcado virtuosismo y car\u00e1cter, incluyendo obras de Astor Piazzolla, Mariano Mores, Nicol\u00e1s Ledesma, Leopoldo Federico, Ra\u00fal Garello y Agust\u00edn Bardi.<\/p>\n<p><a href=\"http:\/\/<iframe style=&quot;border-radius:12px&quot; src=&quot;https:\/\/open.spotify.com\/embed\/album\/4TOcjc6IdJPuKAyeL225gH?utm_source=generator&quot; width=&quot;100%&quot; height=&quot;380&quot; frameBorder=&quot;0&quot; allowfullscreen=&quot;&quot; allow=&quot;autoplay; clipboard-write; encrypted-media; fullscreen; picture-in-picture&quot;><\/iframe>&#8221; target=&#8221;_blank&#8221; rel=&#8221;noopener noreferrer&#8221; data-wplink-url-error=&#8221;true&#8221;>Album in SPOTIFY: &#8220;Que lo paren&#8221; (Opustango Quinteto)<\/a><\/p>\n<p><iframe loading=\"lazy\" title=\"Escualo - Opustango Quinteto\" width=\"1290\" height=\"726\" src=\"https:\/\/www.youtube.com\/embed\/oSQsmsZ45m8?feature=oembed\" frameborder=\"0\" allow=\"accelerometer; autoplay; clipboard-write; encrypted-media; gyroscope; picture-in-picture; web-share\" referrerpolicy=\"strict-origin-when-cross-origin\" allowfullscreen><\/iframe><\/p>\n<p style=\"text-align: center;\">Sitio web:&nbsp;<a href=\"http:\/\/opustango.com\/\">opustango.com<\/a><\/p>\n<p style=\"text-align: center;\">INTEGRANTES:<\/p>\n<p style=\"text-align: center;\">Clarinete:&nbsp;<strong>Uriel Kaufman<\/strong><br \/>\nViol\u00edn:&nbsp;<strong>Javier Kase<\/strong><br \/>\nBandone\u00f3n: <strong>Joaquin Benitez Kitegroski<\/strong><br \/>\nContrabajo:&nbsp;<strong>Tom\u00e1s Falasca<\/strong><br \/>\nPiano, arreglos musicales y direcci\u00f3n:&nbsp;<strong>Juan Gabriel Romano<\/strong><\/p>\n<p><a href=\"https:\/\/juanromano.com.ar\/?attachment_id=554\" rel=\"attachment wp-att-554\"><img loading=\"lazy\" decoding=\"async\" class=\"size-full wp-image-554 alignright\" src=\"https:\/\/juanromano.com.ar\/wp-content\/uploads\/2019\/07\/IMG_7905.jpg\" alt=\"\" width=\"5472\" height=\"3648\" srcset=\"https:\/\/juanromano.com.ar\/wp-content\/uploads\/2019\/07\/IMG_7905.jpg 5472w, https:\/\/juanromano.com.ar\/wp-content\/uploads\/2019\/07\/IMG_7905-300x200.jpg 300w, https:\/\/juanromano.com.ar\/wp-content\/uploads\/2019\/07\/IMG_7905-768x512.jpg 768w, https:\/\/juanromano.com.ar\/wp-content\/uploads\/2019\/07\/IMG_7905-1024x683.jpg 1024w, https:\/\/juanromano.com.ar\/wp-content\/uploads\/2019\/07\/IMG_7905-98x65.jpg 98w, https:\/\/juanromano.com.ar\/wp-content\/uploads\/2019\/07\/IMG_7905-360x239.jpg 360w\" sizes=\"auto, (max-width: 5472px) 100vw, 5472px\" \/><\/a><\/p>\n<p><iframe loading=\"lazy\" title=\"Calambre (A. Piazzolla) - Opustango Quinteto\" width=\"1290\" height=\"726\" src=\"https:\/\/www.youtube.com\/embed\/aPDM2LMKhlc?feature=oembed\" frameborder=\"0\" allow=\"accelerometer; autoplay; clipboard-write; encrypted-media; gyroscope; picture-in-picture; web-share\" referrerpolicy=\"strict-origin-when-cross-origin\" allowfullscreen><\/iframe><\/p>\n<p><iframe loading=\"lazy\" title=\"Canaro en Par\u00eds - Opustango Quinteto\" width=\"1290\" height=\"726\" src=\"https:\/\/www.youtube.com\/embed\/Z_QnBoPWpJA?feature=oembed\" frameborder=\"0\" allow=\"accelerometer; autoplay; clipboard-write; encrypted-media; gyroscope; picture-in-picture; web-share\" referrerpolicy=\"strict-origin-when-cross-origin\" allowfullscreen><\/iframe><\/p>\n<p><iframe loading=\"lazy\" title=\"Sue\u00f1o de Tango - Opustango Quinteto\" width=\"1290\" height=\"726\" src=\"https:\/\/www.youtube.com\/embed\/D5oSbVM7lkY?feature=oembed\" frameborder=\"0\" allow=\"accelerometer; autoplay; clipboard-write; encrypted-media; gyroscope; picture-in-picture; web-share\" referrerpolicy=\"strict-origin-when-cross-origin\" allowfullscreen><\/iframe><\/p>\n<p><iframe loading=\"lazy\" title=\"Milonguero viejo - Opustango Quinteto\" width=\"1290\" height=\"726\" src=\"https:\/\/www.youtube.com\/embed\/GrWXCMIheB8?feature=oembed\" frameborder=\"0\" allow=\"accelerometer; autoplay; clipboard-write; encrypted-media; gyroscope; picture-in-picture; web-share\" referrerpolicy=\"strict-origin-when-cross-origin\" allowfullscreen><\/iframe><\/p>\n<p><iframe loading=\"lazy\" title=\"Nocturna (milonga) - Opustango Quinteto\" width=\"1290\" height=\"726\" src=\"https:\/\/www.youtube.com\/embed\/iz7kPVZ5yjg?feature=oembed\" frameborder=\"0\" allow=\"accelerometer; autoplay; clipboard-write; encrypted-media; gyroscope; picture-in-picture; web-share\" referrerpolicy=\"strict-origin-when-cross-origin\" allowfullscreen><\/iframe><\/p>\n","protected":false},"excerpt":{"rendered":"<p>Opustango Quinteto&nbsp;es una agrupaci\u00f3n musical de tango con sede en la ciudad de Buenos Aires. Posee un color sonoro muy especial debido al papel solista y virtuoso de cada uno [&hellip;]<\/p>\n","protected":false},"author":1,"featured_media":0,"parent":0,"menu_order":2,"comment_status":"closed","ping_status":"closed","template":"","meta":{"footnotes":""},"class_list":["post-63","page","type-page","status-publish","hentry"],"blocksy_meta":[],"_links":{"self":[{"href":"https:\/\/juanromano.com.ar\/index.php?rest_route=\/wp\/v2\/pages\/63","targetHints":{"allow":["GET"]}}],"collection":[{"href":"https:\/\/juanromano.com.ar\/index.php?rest_route=\/wp\/v2\/pages"}],"about":[{"href":"https:\/\/juanromano.com.ar\/index.php?rest_route=\/wp\/v2\/types\/page"}],"author":[{"embeddable":true,"href":"https:\/\/juanromano.com.ar\/index.php?rest_route=\/wp\/v2\/users\/1"}],"replies":[{"embeddable":true,"href":"https:\/\/juanromano.com.ar\/index.php?rest_route=%2Fwp%2Fv2%2Fcomments&post=63"}],"version-history":[{"count":38,"href":"https:\/\/juanromano.com.ar\/index.php?rest_route=\/wp\/v2\/pages\/63\/revisions"}],"predecessor-version":[{"id":796,"href":"https:\/\/juanromano.com.ar\/index.php?rest_route=\/wp\/v2\/pages\/63\/revisions\/796"}],"wp:attachment":[{"href":"https:\/\/juanromano.com.ar\/index.php?rest_route=%2Fwp%2Fv2%2Fmedia&parent=63"}],"curies":[{"name":"wp","href":"https:\/\/api.w.org\/{rel}","templated":true}]}}