{"id":439,"date":"2018-06-30T17:57:44","date_gmt":"2018-06-30T20:57:44","guid":{"rendered":"http:\/\/juanromano.com.ar\/?page_id=439"},"modified":"2022-06-02T07:19:15","modified_gmt":"2022-06-02T10:19:15","slug":"repertorio","status":"publish","type":"page","link":"https:\/\/juanromano.com.ar\/?page_id=439","title":{"rendered":"Repertoire"},"content":{"rendered":"<p><a href=\"https:\/\/juanromano.com.ar\/?attachment_id=375\" rel=\"attachment wp-att-375\"><img loading=\"lazy\" decoding=\"async\" class=\"wp-image-375 alignright\" src=\"https:\/\/juanromano.com.ar\/wp-content\/uploads\/2018\/05\/58790_4663782602935_1010496172_n.jpg\" alt=\"\" width=\"434\" height=\"289\" srcset=\"https:\/\/juanromano.com.ar\/wp-content\/uploads\/2018\/05\/58790_4663782602935_1010496172_n.jpg 960w, https:\/\/juanromano.com.ar\/wp-content\/uploads\/2018\/05\/58790_4663782602935_1010496172_n-300x200.jpg 300w, https:\/\/juanromano.com.ar\/wp-content\/uploads\/2018\/05\/58790_4663782602935_1010496172_n-768x512.jpg 768w\" sizes=\"auto, (max-width: 434px) 100vw, 434px\" \/><\/a><\/p>\n<h3><span style=\"color: #000080;\">TANGO \u2013 PIANO SOLISTA<\/span><\/h3>\n<p><em>Aquellos tangos camperos<\/em> (Horacio Salg\u00e1n)<br \/>\n<em>Nunca tuvo novio<\/em> (A. Bardi, arr. Orlando Tr\u00edpodi)<br \/>\n<em>Contrabaj\u00edsimo<\/em> (Astor Piazzolla, transcripci\u00f3n Daniel Binelli)<br \/>\n<em>Grillito<\/em> (Horacio Salg\u00e1n)<br \/>\n<em>Sue\u00f1o de tango<\/em> (Nicol\u00e1s Ledesma, Leopoldo Federico)<br \/>\n<em>A Don Agust\u00edn Bardi<\/em> (Horacio Salg\u00e1n)<br \/>\n<em>Buena vida<\/em> (Nicol\u00e1s Ledesma)<br \/>\n<em>Adi\u00f3s Nonino<\/em> (Astor Piazzolla)<br \/>\n<em>Grisel<\/em> (Mariano Mores, arreglo propio)<br \/>\n<em>Taquito militar<\/em> (Mariano Mores)<br \/>\n<em>A fuego lento<\/em> (Horacio Salg\u00e1n)<a href=\"https:\/\/juanromano.com.ar\/?attachment_id=265\" rel=\"attachment wp-att-265\"><img loading=\"lazy\" decoding=\"async\" class=\" wp-image-265 alignright\" src=\"https:\/\/juanromano.com.ar\/wp-content\/uploads\/2018\/05\/064-e1527385376819.jpg\" alt=\"\" width=\"429\" height=\"285\" \/><\/a><br \/>\n<em>Ma\u00f1anitas de Montmartre (Lucio Demare, arreglo propio)<br \/>\nNada (Jos\u00e9 Dames, arr. Orlando Tr\u00edpodi)<br \/>\nTristoscuro (Eduardo Rovira)<br \/>\nGriseta (Enrique Delfino, arr. Orlando Tr\u00edpodi)<br \/>\nEl vals y t\u00fa (Horacio Sag\u00e1n)<br \/>\nMelanc\u00f3lico (Juli\u00e1n Plaza)<br \/>\nFuimos (Jos\u00e9 Dames, arr. Orlando Tr\u00edpodi)<br \/>\nMotivo de vals (Horacio Salg\u00e1n)<br \/>\n<\/em><\/p>\n<p><img loading=\"lazy\" decoding=\"async\" class=\"wp-image-361 alignleft\" src=\"https:\/\/juanromano.com.ar\/wp-content\/uploads\/2018\/05\/IMG_2340.jpg\" alt=\"\" width=\"427\" height=\"641\" srcset=\"https:\/\/juanromano.com.ar\/wp-content\/uploads\/2018\/05\/IMG_2340.jpg 3648w, https:\/\/juanromano.com.ar\/wp-content\/uploads\/2018\/05\/IMG_2340-200x300.jpg 200w, https:\/\/juanromano.com.ar\/wp-content\/uploads\/2018\/05\/IMG_2340-768x1152.jpg 768w, https:\/\/juanromano.com.ar\/wp-content\/uploads\/2018\/05\/IMG_2340-683x1024.jpg 683w\" sizes=\"auto, (max-width: 427px) 100vw, 427px\" \/><\/p>\n<h3><\/h3>\n<h3><\/h3>\n<h3><\/h3>\n<h3><span style=\"color: #000080;\">M\u00daSICA CL\u00c1SICA \u2013 PIANO\u00a0<\/span><span style=\"color: #000080; font-family: Bitter;\">SOLISTA<\/span><\/h3>\n<p>Juan Jos\u00e9 Castro (arg.): <em>Toccata para piano<\/em><\/p>\n<p>Fr\u00e9d\u00e9ric Chopin: <em>Estudio Op. 10 N\u00b0 10<\/em><br \/>\n<em>\u00a0 \u00a0 \u00a0 \u00a0 \u00a0 \u00a0 \u00a0 \u00a0 \u00a0 \u00a0 \u00a0 \u00a0 \u00a0 \u00a0 \u00a0 \u00a0 \u00a0 \u00a0Estudio Op. 25 N\u00b0 12<\/em><br \/>\n<em>\u00a0 \u00a0 \u00a0 \u00a0 \u00a0 \u00a0 \u00a0 \u00a0 \u00a0 \u00a0 \u00a0 \u00a0 \u00a0 \u00a0 \u00a0 \u00a0 \u00a0 \u00a0Preludios para Piano (selecci\u00f3n)<\/em><\/p>\n<p>Johann S. Bach: <em>Preludio y Fuga en Do menor (BWV 871)<\/em><\/p>\n<p>Domenico Scarlatti: <em>Sonata en Si menor<\/em><br \/>\n<em>\u00a0 \u00a0 \u00a0 \u00a0 \u00a0 \u00a0 \u00a0 \u00a0 \u00a0 \u00a0 \u00a0 \u00a0 \u00a0 \u00a0 \u00a0 \u00a0 \u00a0 \u00a0 \u00a0 \u00a0 \u00a0 Sonata en Mi Mayor<\/em><br \/>\n<em>\u00a0 \u00a0 \u00a0 \u00a0 \u00a0 \u00a0 \u00a0 \u00a0 \u00a0 \u00a0 \u00a0 \u00a0 \u00a0 \u00a0 \u00a0 \u00a0 \u00a0 \u00a0 \u00a0 \u00a0 \u00a0 Sonata en Fa menor<\/em><\/p>\n<p>Franz Schubert: <em>Sonata en Do \u2013 Serie 10 N\u00b0 2<\/em><\/p>\n<p>Antonio Taurielo (arg.): <em>Toccata para piano<\/em><\/p>\n<p>Aleksandr Skriabin: <em>Sonata para Piano N\u00b0 4<\/em><\/p>\n<p>F\u00e9lix Mendelsshon: <em>Variaciones Serias en Re menor<\/em><\/p>\n<p>&nbsp;<\/p>\n<p>&nbsp;<\/p>\n","protected":false},"excerpt":{"rendered":"<p>TANGO \u2013 PIANO SOLISTA Aquellos tangos camperos (Horacio Salg\u00e1n) Nunca tuvo novio (A. Bardi, arr. Orlando Tr\u00edpodi) Contrabaj\u00edsimo (Astor Piazzolla, transcripci\u00f3n Daniel Binelli) Grillito (Horacio Salg\u00e1n) Sue\u00f1o de tango (Nicol\u00e1s [&hellip;]<\/p>\n","protected":false},"author":1,"featured_media":0,"parent":0,"menu_order":0,"comment_status":"closed","ping_status":"closed","template":"","meta":{"footnotes":""},"class_list":["post-439","page","type-page","status-publish","hentry"],"blocksy_meta":[],"_links":{"self":[{"href":"https:\/\/juanromano.com.ar\/index.php?rest_route=\/wp\/v2\/pages\/439","targetHints":{"allow":["GET"]}}],"collection":[{"href":"https:\/\/juanromano.com.ar\/index.php?rest_route=\/wp\/v2\/pages"}],"about":[{"href":"https:\/\/juanromano.com.ar\/index.php?rest_route=\/wp\/v2\/types\/page"}],"author":[{"embeddable":true,"href":"https:\/\/juanromano.com.ar\/index.php?rest_route=\/wp\/v2\/users\/1"}],"replies":[{"embeddable":true,"href":"https:\/\/juanromano.com.ar\/index.php?rest_route=%2Fwp%2Fv2%2Fcomments&post=439"}],"version-history":[{"count":26,"href":"https:\/\/juanromano.com.ar\/index.php?rest_route=\/wp\/v2\/pages\/439\/revisions"}],"predecessor-version":[{"id":795,"href":"https:\/\/juanromano.com.ar\/index.php?rest_route=\/wp\/v2\/pages\/439\/revisions\/795"}],"wp:attachment":[{"href":"https:\/\/juanromano.com.ar\/index.php?rest_route=%2Fwp%2Fv2%2Fmedia&parent=439"}],"curies":[{"name":"wp","href":"https:\/\/api.w.org\/{rel}","templated":true}]}}