{"id":203,"date":"2018-05-19T23:11:39","date_gmt":"2018-05-20T02:11:39","guid":{"rendered":"http:\/\/juanromano.com.ar\/?page_id=203"},"modified":"2022-06-23T21:20:42","modified_gmt":"2022-06-24T00:20:42","slug":"arreglos-musicales-3","status":"publish","type":"page","link":"https:\/\/juanromano.com.ar\/?page_id=203","title":{"rendered":"Tango arrangements"},"content":{"rendered":"\n<div class=\"wp-block-image\"><figure class=\"alignright is-resized\"><img loading=\"lazy\" decoding=\"async\" src=\"https:\/\/juanromano.com.ar\/wp-content\/uploads\/2018\/05\/IMG_8698.jpg\" alt=\"\" class=\"wp-image-319\" width=\"477\" height=\"317\" srcset=\"https:\/\/juanromano.com.ar\/wp-content\/uploads\/2018\/05\/IMG_8698.jpg 5472w, https:\/\/juanromano.com.ar\/wp-content\/uploads\/2018\/05\/IMG_8698-300x200.jpg 300w, https:\/\/juanromano.com.ar\/wp-content\/uploads\/2018\/05\/IMG_8698-768x512.jpg 768w, https:\/\/juanromano.com.ar\/wp-content\/uploads\/2018\/05\/IMG_8698-1024x683.jpg 1024w\" sizes=\"auto, (max-width: 477px) 100vw, 477px\" \/><\/figure><\/div>\n\n\n\n<ul class=\"wp-block-list\"><li><p><span style=\"color: #000000;\"><strong>Tango musical arrangements for various instrumental formations: duos, trios, quartets, typical orchestra, etc. <\/strong><\/span><em>Arreglos musicales de Tango para diversas formaciones instrumentales: d\u00faos, tr\u00edos, cuartetos, orquesta t\u00edpica, etc. <\/em><\/p><em><\/em><\/li><\/ul>\n\n\n\n<ul class=\"wp-block-list\"><li><p><span style=\"color: #000000;\"><strong>Original musical arrangements on request.<\/strong><\/span><em>  Arreglos musicales originales por encargo. <\/em><\/p><\/li><li><strong>Transcriptions of music from traditional Tango orchestras, adapted to various instrumental ensembles.<\/strong>  <em>Transcripciones de m\u00fasica de orquestas tradicionales de Tango, adaptadas a diversas formaciones instrumentales.<\/em><\/li><\/ul>\n\n\n\n<p><\/p>\n\n\n\n<p><\/p>\n\n\n\n<p><\/p>\n","protected":false},"excerpt":{"rendered":"<p>Tango musical arrangements for various instrumental formations: duos, trios, quartets, typical orchestra, etc. Arreglos musicales de Tango para diversas formaciones instrumentales: d\u00faos, tr\u00edos, cuartetos, orquesta t\u00edpica, etc. Original musical arrangements [&hellip;]<\/p>\n","protected":false},"author":1,"featured_media":0,"parent":0,"menu_order":0,"comment_status":"closed","ping_status":"closed","template":"","meta":{"footnotes":""},"class_list":["post-203","page","type-page","status-publish","hentry"],"blocksy_meta":[],"_links":{"self":[{"href":"https:\/\/juanromano.com.ar\/index.php?rest_route=\/wp\/v2\/pages\/203","targetHints":{"allow":["GET"]}}],"collection":[{"href":"https:\/\/juanromano.com.ar\/index.php?rest_route=\/wp\/v2\/pages"}],"about":[{"href":"https:\/\/juanromano.com.ar\/index.php?rest_route=\/wp\/v2\/types\/page"}],"author":[{"embeddable":true,"href":"https:\/\/juanromano.com.ar\/index.php?rest_route=\/wp\/v2\/users\/1"}],"replies":[{"embeddable":true,"href":"https:\/\/juanromano.com.ar\/index.php?rest_route=%2Fwp%2Fv2%2Fcomments&post=203"}],"version-history":[{"count":33,"href":"https:\/\/juanromano.com.ar\/index.php?rest_route=\/wp\/v2\/pages\/203\/revisions"}],"predecessor-version":[{"id":653,"href":"https:\/\/juanromano.com.ar\/index.php?rest_route=\/wp\/v2\/pages\/203\/revisions\/653"}],"wp:attachment":[{"href":"https:\/\/juanromano.com.ar\/index.php?rest_route=%2Fwp%2Fv2%2Fmedia&parent=203"}],"curies":[{"name":"wp","href":"https:\/\/api.w.org\/{rel}","templated":true}]}}